{"id":1974,"date":"2025-11-26T19:06:36","date_gmt":"2025-11-26T18:06:36","guid":{"rendered":"https:\/\/www.odeypaz.com\/?post_type=product&#038;p=1974"},"modified":"2026-02-26T17:56:14","modified_gmt":"2026-02-26T16:56:14","slug":"affiche-lorientale-a3","status":"publish","type":"product","link":"https:\/\/www.odeypaz.com\/?product=affiche-lorientale-a3","title":{"rendered":"Affiche L&#8217;orientale A3"},"content":{"rendered":"<p>Affiche A3 <b>29,7 x 42 cm<\/b><\/p>\n<p>L&#8217;orientale<\/p>\n<p>160g effet satin<\/p>\n<p>Cr\u00e9ation fait main puis mis en couleur sur le logiciel Illustrator<\/p>\n<p>Pour offrir ou s&#8217;offrir pour une French touch artistique comme on les aimes<\/p>\n<p>&nbsp;<\/p>\n<p>&nbsp;<\/p>\n<p><img loading=\"lazy\" decoding=\"async\" class=\"alignnone size-medium wp-image-1903\" src=\"https:\/\/www.odeypaz.com\/wp-content\/uploads\/2024\/12\/2-femme-orientale-scaled-e1764175742588-225x300.jpg\" alt=\"\" width=\"225\" height=\"300\" srcset=\"https:\/\/www.odeypaz.com\/wp-content\/uploads\/2024\/12\/2-femme-orientale-scaled-e1764175742588-225x300.jpg 225w, https:\/\/www.odeypaz.com\/wp-content\/uploads\/2024\/12\/2-femme-orientale-scaled-e1764175742588-600x799.jpg 600w, https:\/\/www.odeypaz.com\/wp-content\/uploads\/2024\/12\/2-femme-orientale-scaled-e1764175742588-769x1024.jpg 769w, https:\/\/www.odeypaz.com\/wp-content\/uploads\/2024\/12\/2-femme-orientale-scaled-e1764175742588-768x1023.jpg 768w, https:\/\/www.odeypaz.com\/wp-content\/uploads\/2024\/12\/2-femme-orientale-scaled-e1764175742588-1154x1536.jpg 1154w, https:\/\/www.odeypaz.com\/wp-content\/uploads\/2024\/12\/2-femme-orientale-scaled-e1764175742588-1538x2048.jpg 1538w, https:\/\/www.odeypaz.com\/wp-content\/uploads\/2024\/12\/2-femme-orientale-scaled-e1764175742588.jpg 1750w\" sizes=\"auto, (max-width: 225px) 100vw, 225px\" \/><\/p>\n","protected":false},"excerpt":{"rendered":"<p>Affiche A3 <b>29,7 x 42 cm<\/b> L&#8217;orientale<\/p>\n<p>Cr\u00e9ation fait main puis mis en couleur sur le logiciel Illustrator<\/p>\n<p>Pour offrir ou s&#8217;offrir pour une French touch artistique comme on les aimes<\/p>\n<p>R\u00e9alis\u00e9 dans un Hostel \u00e0 Marrakech en 2025<\/p>\n<p>Joyeuses F\u00eates !<\/p>\n<p>&nbsp;<\/p>\n","protected":false},"featured_media":1903,"comment_status":"open","ping_status":"closed","template":"","meta":{"jetpack_post_was_ever_published":false},"product_cat":[23,29],"product_tag":[30],"class_list":{"0":"post-1974","1":"product","2":"type-product","3":"status-publish","4":"has-post-thumbnail","6":"product_cat-affiches","7":"product_cat-quelle-femme-es-tu","8":"product_tag-quelle-femme-es-tu","10":"first","11":"instock","12":"sale","13":"featured","14":"taxable","15":"shipping-taxable","16":"purchasable","17":"product-type-simple"},"jetpack_sharing_enabled":true,"_links":{"self":[{"href":"https:\/\/www.odeypaz.com\/index.php?rest_route=\/wp\/v2\/product\/1974","targetHints":{"allow":["GET"]}}],"collection":[{"href":"https:\/\/www.odeypaz.com\/index.php?rest_route=\/wp\/v2\/product"}],"about":[{"href":"https:\/\/www.odeypaz.com\/index.php?rest_route=\/wp\/v2\/types\/product"}],"replies":[{"embeddable":true,"href":"https:\/\/www.odeypaz.com\/index.php?rest_route=%2Fwp%2Fv2%2Fcomments&post=1974"}],"wp:featuredmedia":[{"embeddable":true,"href":"https:\/\/www.odeypaz.com\/index.php?rest_route=\/wp\/v2\/media\/1903"}],"wp:attachment":[{"href":"https:\/\/www.odeypaz.com\/index.php?rest_route=%2Fwp%2Fv2%2Fmedia&parent=1974"}],"wp:term":[{"taxonomy":"product_cat","embeddable":true,"href":"https:\/\/www.odeypaz.com\/index.php?rest_route=%2Fwp%2Fv2%2Fproduct_cat&post=1974"},{"taxonomy":"product_tag","embeddable":true,"href":"https:\/\/www.odeypaz.com\/index.php?rest_route=%2Fwp%2Fv2%2Fproduct_tag&post=1974"}],"curies":[{"name":"wp","href":"https:\/\/api.w.org\/{rel}","templated":true}]}}