{"id":1913,"date":"2025-11-26T15:53:03","date_gmt":"2025-11-26T14:53:03","guid":{"rendered":"https:\/\/www.odeypaz.com\/?post_type=product&#038;p=1913"},"modified":"2025-12-07T11:57:22","modified_gmt":"2025-12-07T10:57:22","slug":"que-vois-je-2","status":"publish","type":"product","link":"https:\/\/www.odeypaz.com\/?product=que-vois-je-2","title":{"rendered":"CAHIER \/\/ QUE VOIS-JE ?"},"content":{"rendered":"<p>QUE VOIS-JE ?<\/p>\n<p>TOME I<\/p>\n<p>La libre imagination est permise<\/p>\n<p>L\u2019artiste Odeypaz vous propose un premier tome ludique et abstrait \u00e0 colorier.<\/p>\n<p>Votre mission : Choisis un titre sous chaque cr\u00e9ation selon tes<br \/>\n\u00e9motions, exprime ton imagination.<\/p>\n<p>Il est tr\u00e8s plaisant d\u2019\u00e9couter la vision de chacun selon ses<br \/>\nexp\u00e9riences de vie, les regards seront uniques.<\/p>\n<p>J\u2019esp\u00e8re par mon art cr\u00e9er une atmosph\u00e8re de partage, une tol\u00e9rance \u00e0<br \/>\nla diff\u00e9rence tout en d\u00e9veloppant son imagination.<\/p>\n<div class=\"yj6qo\">Cahier envoie gratuit 12 euros chaque, un cadeau original et personnel pour ces f\u00eates de fin d&#8217;ann\u00e9es<\/div>\n<div><\/div>\n<div>\n<p>Odeypaz<img loading=\"lazy\" decoding=\"async\" class=\"alignnone size-medium wp-image-1240\" src=\"https:\/\/www.odeypaz.com\/wp-content\/uploads\/2025\/01\/1-212x300.png\" alt=\"\" width=\"212\" height=\"300\" srcset=\"https:\/\/www.odeypaz.com\/wp-content\/uploads\/2025\/01\/1-212x300.png 212w, https:\/\/www.odeypaz.com\/wp-content\/uploads\/2025\/01\/1-724x1024.png 724w, https:\/\/www.odeypaz.com\/wp-content\/uploads\/2025\/01\/1-600x849.png 600w, https:\/\/www.odeypaz.com\/wp-content\/uploads\/2025\/01\/1.png 1414w\" sizes=\"auto, (max-width: 212px) 100vw, 212px\" \/><\/p>\n<figure id=\"attachment_1244\" aria-describedby=\"caption-attachment-1244\" style=\"width: 212px\" class=\"wp-caption alignnone\"><img loading=\"lazy\" decoding=\"async\" class=\"size-medium wp-image-1244\" src=\"https:\/\/www.odeypaz.com\/wp-content\/uploads\/2025\/01\/15-212x300.png\" alt=\"\" width=\"212\" height=\"300\" srcset=\"https:\/\/www.odeypaz.com\/wp-content\/uploads\/2025\/01\/15-212x300.png 212w, https:\/\/www.odeypaz.com\/wp-content\/uploads\/2025\/01\/15-724x1024.png 724w, https:\/\/www.odeypaz.com\/wp-content\/uploads\/2025\/01\/15.png 1414w\" sizes=\"auto, (max-width: 212px) 100vw, 212px\" \/><figcaption id=\"caption-attachment-1244\" class=\"wp-caption-text\">Odeypaz<\/figcaption><\/figure>\n<\/div>\n","protected":false},"excerpt":{"rendered":"<p>Cahier de coloriage Pour d\u00e9velopper son imagination.<\/p>\n<p>QUE VOIS-JE ?<\/p>\n<p>TOME I<\/p>\n<p>La libre imagination est permise<\/p>\n<p>L\u2019artiste Odeypaz vous propose un premier tome ludique et abstrait \u00e0 colorier.<\/p>\n<p>Votre mission : Choisis un titre sous chaque cr\u00e9ation selon tes<br \/>\n\u00e9motions, exprime ton imagination.<\/p>\n<p>Il est tr\u00e8s plaisant d\u2019\u00e9couter la vision de chacun selon ses<br \/>\nexp\u00e9riences de vie, les regards seront uniques.<\/p>\n<p>J\u2019esp\u00e8re par mon art cr\u00e9er une atmosph\u00e8re de partage, une tol\u00e9rance \u00e0<br \/>\nla diff\u00e9rence tout en d\u00e9veloppant son imagination.<\/p>\n<div class=\"yj6qo\"><\/div>\n","protected":false},"featured_media":1240,"comment_status":"open","ping_status":"closed","template":"","meta":{"jetpack_post_was_ever_published":false},"product_cat":[28],"product_tag":[],"class_list":{"0":"post-1913","1":"product","2":"type-product","3":"status-publish","4":"has-post-thumbnail","6":"product_cat-cahier","8":"first","9":"instock","10":"sale","11":"featured","12":"taxable","13":"shipping-taxable","14":"purchasable","15":"product-type-simple"},"jetpack_sharing_enabled":true,"_links":{"self":[{"href":"https:\/\/www.odeypaz.com\/index.php?rest_route=\/wp\/v2\/product\/1913","targetHints":{"allow":["GET"]}}],"collection":[{"href":"https:\/\/www.odeypaz.com\/index.php?rest_route=\/wp\/v2\/product"}],"about":[{"href":"https:\/\/www.odeypaz.com\/index.php?rest_route=\/wp\/v2\/types\/product"}],"replies":[{"embeddable":true,"href":"https:\/\/www.odeypaz.com\/index.php?rest_route=%2Fwp%2Fv2%2Fcomments&post=1913"}],"wp:featuredmedia":[{"embeddable":true,"href":"https:\/\/www.odeypaz.com\/index.php?rest_route=\/wp\/v2\/media\/1240"}],"wp:attachment":[{"href":"https:\/\/www.odeypaz.com\/index.php?rest_route=%2Fwp%2Fv2%2Fmedia&parent=1913"}],"wp:term":[{"taxonomy":"product_cat","embeddable":true,"href":"https:\/\/www.odeypaz.com\/index.php?rest_route=%2Fwp%2Fv2%2Fproduct_cat&post=1913"},{"taxonomy":"product_tag","embeddable":true,"href":"https:\/\/www.odeypaz.com\/index.php?rest_route=%2Fwp%2Fv2%2Fproduct_tag&post=1913"}],"curies":[{"name":"wp","href":"https:\/\/api.w.org\/{rel}","templated":true}]}}