{"id":2193,"date":"2026-02-26T17:02:18","date_gmt":"2026-02-26T16:02:18","guid":{"rendered":"https:\/\/www.odeypaz.com\/?page_id=2193"},"modified":"2026-02-27T16:21:45","modified_gmt":"2026-02-27T15:21:45","slug":"quelle-femme-es-tu","status":"publish","type":"page","link":"https:\/\/www.odeypaz.com\/?page_id=2193","title":{"rendered":"QUELLE FEMME ES TU?"},"content":{"rendered":"<p>Elles n&#8217;y sont pas toutes.<\/p><p>Les femmes, nous, moi m\u00eame, m&#8217;ont toujours inspir\u00e9es, je ne cesserai de continuer \u00e0 les peindres, dessiner. <\/p><p>Je vous propose une s\u00e9rie de femmes inspirantes au grand coeur.<\/p><figure class=\"wp-block-gallery has-nested-images columns-default is-cropped wp-block-gallery-1 is-layout-flex wp-block-gallery-is-layout-flex\"><figure class=\"wp-block-image size-large is-style-rounded\"><img loading=\"lazy\" decoding=\"async\" width=\"595\" height=\"842\" data-id=\"2246\" src=\"https:\/\/www.odeypaz.com\/wp-content\/uploads\/2026\/02\/1-La-femme-eternelle-1.jpg\" alt=\"\" class=\"wp-image-2246\" srcset=\"https:\/\/www.odeypaz.com\/wp-content\/uploads\/2026\/02\/1-La-femme-eternelle-1.jpg 595w, https:\/\/www.odeypaz.com\/wp-content\/uploads\/2026\/02\/1-La-femme-eternelle-1-212x300.jpg 212w\" sizes=\"auto, (max-width: 595px) 100vw, 595px\" \/><\/figure><\/figure><p class=\"has-text-align-center\">La femme \u00e9ternelle.<\/p>","protected":false},"excerpt":{"rendered":"<p>Elles n&#8217;y sont pas toutes. Les femmes, nous, moi m\u00eame, m&#8217;ont toujours inspir\u00e9es, je ne cesserai de continuer \u00e0 les peindres, dessiner. Je vous propose une s\u00e9rie de femmes inspirantes au grand coeur. La femme \u00e9ternelle.<\/p>\n","protected":false},"author":1,"featured_media":0,"parent":0,"menu_order":0,"comment_status":"closed","ping_status":"closed","template":"","meta":{"jetpack_post_was_ever_published":false,"footnotes":""},"class_list":["post-2193","page","type-page","status-publish","hentry"],"jetpack_sharing_enabled":true,"_links":{"self":[{"href":"https:\/\/www.odeypaz.com\/index.php?rest_route=\/wp\/v2\/pages\/2193","targetHints":{"allow":["GET"]}}],"collection":[{"href":"https:\/\/www.odeypaz.com\/index.php?rest_route=\/wp\/v2\/pages"}],"about":[{"href":"https:\/\/www.odeypaz.com\/index.php?rest_route=\/wp\/v2\/types\/page"}],"author":[{"embeddable":true,"href":"https:\/\/www.odeypaz.com\/index.php?rest_route=\/wp\/v2\/users\/1"}],"replies":[{"embeddable":true,"href":"https:\/\/www.odeypaz.com\/index.php?rest_route=%2Fwp%2Fv2%2Fcomments&post=2193"}],"version-history":[{"count":11,"href":"https:\/\/www.odeypaz.com\/index.php?rest_route=\/wp\/v2\/pages\/2193\/revisions"}],"predecessor-version":[{"id":2272,"href":"https:\/\/www.odeypaz.com\/index.php?rest_route=\/wp\/v2\/pages\/2193\/revisions\/2272"}],"wp:attachment":[{"href":"https:\/\/www.odeypaz.com\/index.php?rest_route=%2Fwp%2Fv2%2Fmedia&parent=2193"}],"curies":[{"name":"wp","href":"https:\/\/api.w.org\/{rel}","templated":true}]}}