{"id":2089,"date":"2026-02-21T22:55:55","date_gmt":"2026-02-21T21:55:55","guid":{"rendered":"https:\/\/www.odeypaz.com\/?page_id=2089"},"modified":"2026-03-06T17:52:07","modified_gmt":"2026-03-06T16:52:07","slug":"press","status":"publish","type":"page","link":"https:\/\/www.odeypaz.com\/?page_id=2089","title":{"rendered":"PRESSE"},"content":{"rendered":"<p class=\"has-text-align-center has-large-font-size\">PRESSE<\/p><p>Un honneur d&#8217;\u00eatre dans le Quotidien de l&#8217;art pour faire part de ma situation actuelle \/\/ 06.03.2026<\/p><figure class=\"wp-block-gallery has-nested-images columns-default is-cropped wp-block-gallery-1 is-layout-flex wp-block-gallery-is-layout-flex\"><figure class=\"wp-block-image size-large\"><img loading=\"lazy\" decoding=\"async\" width=\"747\" height=\"1024\" data-id=\"2281\" src=\"https:\/\/www.odeypaz.com\/wp-content\/uploads\/2026\/03\/LE-QUOTIDIEN-DE-LART-1-747x1024.jpg\" alt=\"\" class=\"wp-image-2281\" srcset=\"https:\/\/www.odeypaz.com\/wp-content\/uploads\/2026\/03\/LE-QUOTIDIEN-DE-LART-1-747x1024.jpg 747w, https:\/\/www.odeypaz.com\/wp-content\/uploads\/2026\/03\/LE-QUOTIDIEN-DE-LART-1-219x300.jpg 219w, https:\/\/www.odeypaz.com\/wp-content\/uploads\/2026\/03\/LE-QUOTIDIEN-DE-LART-1-768x1052.jpg 768w, https:\/\/www.odeypaz.com\/wp-content\/uploads\/2026\/03\/LE-QUOTIDIEN-DE-LART-1-600x822.jpg 600w, https:\/\/www.odeypaz.com\/wp-content\/uploads\/2026\/03\/LE-QUOTIDIEN-DE-LART-1.jpg 1080w\" sizes=\"auto, (max-width: 747px) 100vw, 747px\" \/><\/figure>\n\n<figure class=\"wp-block-image size-large\"><img loading=\"lazy\" decoding=\"async\" width=\"741\" height=\"1024\" data-id=\"2282\" src=\"https:\/\/www.odeypaz.com\/wp-content\/uploads\/2026\/03\/LE-QUOTIDIEN-DE-LART-2-741x1024.jpg\" alt=\"\" class=\"wp-image-2282\" srcset=\"https:\/\/www.odeypaz.com\/wp-content\/uploads\/2026\/03\/LE-QUOTIDIEN-DE-LART-2-741x1024.jpg 741w, https:\/\/www.odeypaz.com\/wp-content\/uploads\/2026\/03\/LE-QUOTIDIEN-DE-LART-2-217x300.jpg 217w, https:\/\/www.odeypaz.com\/wp-content\/uploads\/2026\/03\/LE-QUOTIDIEN-DE-LART-2-768x1062.jpg 768w, https:\/\/www.odeypaz.com\/wp-content\/uploads\/2026\/03\/LE-QUOTIDIEN-DE-LART-2-600x829.jpg 600w, https:\/\/www.odeypaz.com\/wp-content\/uploads\/2026\/03\/LE-QUOTIDIEN-DE-LART-2.jpg 1080w\" sizes=\"auto, (max-width: 741px) 100vw, 741px\" \/><\/figure><\/figure><p>Retour sur ma participation aux march\u00e9s de No\u00ebl de ma r\u00e9gion, un moment tr\u00e8s appr\u00e9ci\u00e9 du public ! Ce succ\u00e8s a int\u00e9ress\u00e9 Radio France, ICI OCCITANIE qui m\u2019a invit\u00e9e \u00e0 en parler dans leur podcast. <\/p><p>\u00c9coutez-le ici <\/p><h2 class=\"wp-block-heading has-text-align-center has-large-font-size\">RADIO ICI OCCITANIE<\/h2><figure class=\"wp-block-image size-large\"><a href=\"https:\/\/www.radiofrance.fr\/francebleu\/podcasts\/la-petite-vadrouille-ici-occitanie\/a-moissac-l-artiste-odeypaz-a-compris-que-dessiner-pouvait-reparer-8486809\"><img loading=\"lazy\" decoding=\"async\" width=\"1024\" height=\"330\" src=\"https:\/\/www.odeypaz.com\/wp-content\/uploads\/2026\/01\/ici-occitanie-Radio-France-1024x330.jpg\" alt=\"\" class=\"wp-image-2030\" srcset=\"https:\/\/www.odeypaz.com\/wp-content\/uploads\/2026\/01\/ici-occitanie-Radio-France-1024x330.jpg 1024w, https:\/\/www.odeypaz.com\/wp-content\/uploads\/2026\/01\/ici-occitanie-Radio-France-600x194.jpg 600w, https:\/\/www.odeypaz.com\/wp-content\/uploads\/2026\/01\/ici-occitanie-Radio-France-300x97.jpg 300w, https:\/\/www.odeypaz.com\/wp-content\/uploads\/2026\/01\/ici-occitanie-Radio-France-768x248.jpg 768w, https:\/\/www.odeypaz.com\/wp-content\/uploads\/2026\/01\/ici-occitanie-Radio-France-1536x496.jpg 1536w, https:\/\/www.odeypaz.com\/wp-content\/uploads\/2026\/01\/ici-occitanie-Radio-France.jpg 1847w\" sizes=\"auto, (max-width: 1024px) 100vw, 1024px\" \/><\/a><\/figure><figure class=\"wp-block-gallery has-nested-images columns-default is-cropped wp-block-gallery-2 is-layout-flex wp-block-gallery-is-layout-flex\"><figure class=\"wp-block-image size-large\"><img loading=\"lazy\" decoding=\"async\" width=\"1024\" height=\"990\" data-id=\"2029\" src=\"https:\/\/www.odeypaz.com\/wp-content\/uploads\/2026\/01\/1er-article-decembre-2025-1024x990.jpg\" alt=\"\" class=\"wp-image-2029\" srcset=\"https:\/\/www.odeypaz.com\/wp-content\/uploads\/2026\/01\/1er-article-decembre-2025-1024x990.jpg 1024w, https:\/\/www.odeypaz.com\/wp-content\/uploads\/2026\/01\/1er-article-decembre-2025-scaled-600x580.jpg 600w, https:\/\/www.odeypaz.com\/wp-content\/uploads\/2026\/01\/1er-article-decembre-2025-300x290.jpg 300w, https:\/\/www.odeypaz.com\/wp-content\/uploads\/2026\/01\/1er-article-decembre-2025-768x743.jpg 768w, https:\/\/www.odeypaz.com\/wp-content\/uploads\/2026\/01\/1er-article-decembre-2025-1536x1486.jpg 1536w, https:\/\/www.odeypaz.com\/wp-content\/uploads\/2026\/01\/1er-article-decembre-2025-2048x1981.jpg 2048w\" sizes=\"auto, (max-width: 1024px) 100vw, 1024px\" \/><\/figure>\n\n<figure class=\"wp-block-image size-large\"><img loading=\"lazy\" decoding=\"async\" width=\"650\" height=\"1024\" data-id=\"2028\" src=\"https:\/\/www.odeypaz.com\/wp-content\/uploads\/2026\/01\/2e-article-presse-decembre-le-petit-journal-650x1024.jpg\" alt=\"\" class=\"wp-image-2028\" srcset=\"https:\/\/www.odeypaz.com\/wp-content\/uploads\/2026\/01\/2e-article-presse-decembre-le-petit-journal-650x1024.jpg 650w, https:\/\/www.odeypaz.com\/wp-content\/uploads\/2026\/01\/2e-article-presse-decembre-le-petit-journal-600x946.jpg 600w, https:\/\/www.odeypaz.com\/wp-content\/uploads\/2026\/01\/2e-article-presse-decembre-le-petit-journal-190x300.jpg 190w, https:\/\/www.odeypaz.com\/wp-content\/uploads\/2026\/01\/2e-article-presse-decembre-le-petit-journal-768x1210.jpg 768w, https:\/\/www.odeypaz.com\/wp-content\/uploads\/2026\/01\/2e-article-presse-decembre-le-petit-journal-975x1536.jpg 975w, https:\/\/www.odeypaz.com\/wp-content\/uploads\/2026\/01\/2e-article-presse-decembre-le-petit-journal.jpg 1080w\" sizes=\"auto, (max-width: 650px) 100vw, 650px\" \/><\/figure><\/figure>","protected":false},"excerpt":{"rendered":"<p>PRESSE Un honneur d&#8217;\u00eatre dans le Quotidien de l&#8217;art pour faire part de ma situation actuelle \/\/ 06.03.2026 Retour sur ma participation aux march\u00e9s de No\u00ebl de ma r\u00e9gion, un moment tr\u00e8s appr\u00e9ci\u00e9 du public ! Ce succ\u00e8s a int\u00e9ress\u00e9 Radio France, ICI OCCITANIE qui m\u2019a invit\u00e9e \u00e0 en parler dans leur podcast. \u00c9coutez-le ici &hellip; <\/p>\n","protected":false},"author":1,"featured_media":0,"parent":0,"menu_order":0,"comment_status":"closed","ping_status":"closed","template":"","meta":{"jetpack_post_was_ever_published":false,"footnotes":""},"class_list":["post-2089","page","type-page","status-publish","hentry"],"jetpack_sharing_enabled":true,"_links":{"self":[{"href":"https:\/\/www.odeypaz.com\/index.php?rest_route=\/wp\/v2\/pages\/2089","targetHints":{"allow":["GET"]}}],"collection":[{"href":"https:\/\/www.odeypaz.com\/index.php?rest_route=\/wp\/v2\/pages"}],"about":[{"href":"https:\/\/www.odeypaz.com\/index.php?rest_route=\/wp\/v2\/types\/page"}],"author":[{"embeddable":true,"href":"https:\/\/www.odeypaz.com\/index.php?rest_route=\/wp\/v2\/users\/1"}],"replies":[{"embeddable":true,"href":"https:\/\/www.odeypaz.com\/index.php?rest_route=%2Fwp%2Fv2%2Fcomments&post=2089"}],"version-history":[{"count":10,"href":"https:\/\/www.odeypaz.com\/index.php?rest_route=\/wp\/v2\/pages\/2089\/revisions"}],"predecessor-version":[{"id":2285,"href":"https:\/\/www.odeypaz.com\/index.php?rest_route=\/wp\/v2\/pages\/2089\/revisions\/2285"}],"wp:attachment":[{"href":"https:\/\/www.odeypaz.com\/index.php?rest_route=%2Fwp%2Fv2%2Fmedia&parent=2089"}],"curies":[{"name":"wp","href":"https:\/\/api.w.org\/{rel}","templated":true}]}}