{"id":1676,"date":"2025-10-31T15:02:27","date_gmt":"2025-10-31T14:02:27","guid":{"rendered":"https:\/\/www.odeypaz.com\/?page_id=1676"},"modified":"2026-03-03T00:26:55","modified_gmt":"2026-03-02T23:26:55","slug":"mon-inconscient-est-un-artiste","status":"publish","type":"page","link":"https:\/\/www.odeypaz.com\/","title":{"rendered":"MON INCONSCIENT EST UN ARTISTE"},"content":{"rendered":"<div class=\"wp-block-image\"><figure class=\"alignleft size-large is-resized\"><img loading=\"lazy\" decoding=\"async\" width=\"768\" height=\"1024\" src=\"https:\/\/www.odeypaz.com\/wp-content\/uploads\/2026\/03\/portrait-garonne-768x1024.webp\" alt=\"\" class=\"wp-image-2277\" style=\"aspect-ratio:0.6416254511428954;width:279px;height:auto\" srcset=\"https:\/\/www.odeypaz.com\/wp-content\/uploads\/2026\/03\/portrait-garonne-768x1024.webp 768w, https:\/\/www.odeypaz.com\/wp-content\/uploads\/2026\/03\/portrait-garonne-225x300.webp 225w, https:\/\/www.odeypaz.com\/wp-content\/uploads\/2026\/03\/portrait-garonne-600x800.webp 600w, https:\/\/www.odeypaz.com\/wp-content\/uploads\/2026\/03\/portrait-garonne.webp 810w\" sizes=\"auto, (max-width: 768px) 100vw, 768px\" \/><\/figure><\/div><h2 class=\"wp-block-heading has-text-align-center has-primary-color has-white-background-color has-text-color has-background has-link-color wp-elements-1ec8c0f34a774646dea83f985db35613\" id=\"block-8776872f-02c8-4de5-82a2-e21e2a0b0a51\"><em><strong>Que signifie ODEYPAZ ?<\/strong><\/em><\/h2><p class=\"has-text-align-center\" id=\"block-444a7fed-76a0-4606-b80b-aeeb5b6a83bf\"><em>ODE = Po\u00e8me lyrique et Paz = mon second pr\u00e9nom + nom de famille =<strong> ODEYPAZ<\/strong><\/em><\/p><p class=\"has-text-align-center\" id=\"block-0b0eaa24-8239-4d4f-a7e7-4edd4b82acef\"><em><strong>Exemple de po\u00e8me :<\/strong><\/em> <\/p><p class=\"has-text-align-center\" id=\"block-21f70b69-698c-4248-87e0-9d2fb563c3cf\"><strong>LA&nbsp;VIE<\/strong><br><em>Elle \u00e9volue ou part en un instant<br>peu importe&nbsp;le&nbsp;chemin, on prend<br>c&#8217;est \u00e9crit dit&nbsp;le&nbsp;sage fou d&#8217;antan<br>Acceptons&nbsp;la&nbsp;destin\u00e9e en jouant<br>Nos soit disant guide puissant<br>S&#8217;adapteront aux choix glissants<br>Nous, au regrets de nos vents<br>Qui deviendront \u00e9toile filantes<br>A&nbsp;la&nbsp;fin de nos chutes vigilantes<br>Se relever, rejouer, ca se tente<br>La&nbsp;vie&nbsp;est&nbsp;la, nouvelle excellente<br>Le&nbsp;jeu continue c&#8217;est miraculeux<\/em><\/p><h2 class=\"wp-block-heading has-text-align-center\" id=\"block-2b8bb10c-00a3-4d97-9664-6baa38a5c025\"><em><strong>Odeypaz<\/strong><\/em><\/h2><div class=\"wp-block-image\"><figure class=\"aligncenter size-full is-resized\"><img loading=\"lazy\" decoding=\"async\" width=\"768\" height=\"1024\" src=\"https:\/\/www.odeypaz.com\/wp-content\/uploads\/2025\/06\/logo-noir-transparent.png\" alt=\"\" class=\"wp-image-1629\" style=\"width:108px;height:auto\" srcset=\"https:\/\/www.odeypaz.com\/wp-content\/uploads\/2025\/06\/logo-noir-transparent.png 768w, https:\/\/www.odeypaz.com\/wp-content\/uploads\/2025\/06\/logo-noir-transparent-225x300.png 225w\" sizes=\"auto, (max-width: 768px) 100vw, 768px\" \/><\/figure><\/div><p class=\"has-text-align-center\"><strong>ARTISTE.ODEYPAZ@GMAIL.COM<\/strong><\/p>","protected":false},"excerpt":{"rendered":"<p>Que signifie ODEYPAZ ? ODE = Po\u00e8me lyrique et Paz = mon second pr\u00e9nom + nom de famille = ODEYPAZ Exemple de po\u00e8me : LA&nbsp;VIEElle \u00e9volue ou part en un instantpeu importe&nbsp;le&nbsp;chemin, on prendc&#8217;est \u00e9crit dit&nbsp;le&nbsp;sage fou d&#8217;antanAcceptons&nbsp;la&nbsp;destin\u00e9e en jouantNos soit disant guide puissantS&#8217;adapteront aux choix glissantsNous, au regrets de nos ventsQui deviendront \u00e9toile filantesA&nbsp;la&nbsp;fin &hellip; <\/p>\n","protected":false},"author":1,"featured_media":0,"parent":0,"menu_order":0,"comment_status":"closed","ping_status":"closed","template":"","meta":{"jetpack_post_was_ever_published":false,"footnotes":""},"class_list":["post-1676","page","type-page","status-publish","hentry"],"jetpack_sharing_enabled":true,"_links":{"self":[{"href":"https:\/\/www.odeypaz.com\/index.php?rest_route=\/wp\/v2\/pages\/1676","targetHints":{"allow":["GET"]}}],"collection":[{"href":"https:\/\/www.odeypaz.com\/index.php?rest_route=\/wp\/v2\/pages"}],"about":[{"href":"https:\/\/www.odeypaz.com\/index.php?rest_route=\/wp\/v2\/types\/page"}],"author":[{"embeddable":true,"href":"https:\/\/www.odeypaz.com\/index.php?rest_route=\/wp\/v2\/users\/1"}],"replies":[{"embeddable":true,"href":"https:\/\/www.odeypaz.com\/index.php?rest_route=%2Fwp%2Fv2%2Fcomments&post=1676"}],"version-history":[{"count":79,"href":"https:\/\/www.odeypaz.com\/index.php?rest_route=\/wp\/v2\/pages\/1676\/revisions"}],"predecessor-version":[{"id":2278,"href":"https:\/\/www.odeypaz.com\/index.php?rest_route=\/wp\/v2\/pages\/1676\/revisions\/2278"}],"wp:attachment":[{"href":"https:\/\/www.odeypaz.com\/index.php?rest_route=%2Fwp%2Fv2%2Fmedia&parent=1676"}],"curies":[{"name":"wp","href":"https:\/\/api.w.org\/{rel}","templated":true}]}}